{"id":6,"date":"2016-09-17T17:47:15","date_gmt":"2016-09-17T15:47:15","guid":{"rendered":"http:\/\/foyer-saintbenoitlabre.fr\/?page_id=6"},"modified":"2018-01-23T15:26:20","modified_gmt":"2018-01-23T14:26:20","slug":"foyer-saint-benoit-labre-demenageur-demenagement-visa-chine-visa-inde-visa-vietnam-visa-russie-croisiere-safari-afrique-garde-meubles","status":"publish","type":"page","link":"https:\/\/foyer-saintbenoitlabre.fr\/","title":{"rendered":"Foyer Saint Benoit Labre"},"content":{"rendered":"<h2>Foyer Saint Beno\u00eet Labre:<\/h2>\n<p>Situ\u00e9 \u00e0 Rennes, le foyer Saint Beno\u00eet Labre accueille chaque ann\u00e9e des personnes en d\u00e9tresse ayant besoin d<img loading=\"lazy\" class=\"alignnone size-full wp-image-14 alignright\" src=\"https:\/\/foyer-saintbenoitlabre.fr\/wp-content\/uploads\/2016\/09\/2.jpeg.jpg\" alt=\"2.jpeg\" width=\"260\" height=\"194\" \/>&lsquo;un h\u00e9bergement. Dispositif d&rsquo;insertion, il permet \u00e0 ceux qui sont dans le besoin d&rsquo;avoir recours \u00e0 une aide personnalis\u00e9e pour leur permettre de retrouver soit sur une voie professionnelle soit dans un premier temps un \u00e9quilibre psychologique et affectif et social. L&rsquo;objectif est que ces personnes en difficult\u00e9 retrouvent une certaine autonomie de vie et qu&rsquo;ils puissent recr\u00e9er des liens sociaux, au sein du foyer tout d&rsquo;abord puis progressivement au sein de la soci\u00e9t\u00e9; tout ceci contribuant \u00e0 leur r\u00e9insertion. Les admissions sont soumises \u00e0 d\u00e9cision d&rsquo;un service social.<\/p>\n<p>&nbsp;<\/p>\n<h2>D\u00e9m\u00e9nagement: que faut il savoir?<\/h2>\n<p>Changer de lieu d&rsquo;habitation est source d&rsquo;angoisse chez beaucoup de gens. Aussi faut il le pr\u00e9parer un minimum de temps \u00e0 l&rsquo;avance pour \u00e9viter les mauvaises surprises et les coup de stress inutiles! Trouver un d\u00e9m\u00e9nageur <a href=\"http:\/\/demenageur.com\">demenageur.com<\/a>\u00a0pour organiser son d\u00e9m\u00e9nagement semble \u00eatre la meilleure chose \u00e0 faire. En effet, d\u00e9m\u00e9nager seul repr\u00e9sente beaucoup de travail et de fatigue, et peut aussi occasionner des accidents. L&rsquo;agence propose plusieurs formules pour que le d\u00e9m\u00e9nagement <a href=\"http:\/\/demenageur.com\/demenagement\/\">demenageur.com\/demenagement\/<\/a>\u00a0se passe dans la plus grande tranquillit\u00e9 possible. Un professionnel se d\u00e9place au domicile des clients afin d&rsquo;effectuer un devis d\u00e9m\u00e9nagement <a href=\"http:\/\/demenageur.com\/devis-demenagement\/\">demenageur.com\/devis-demenagement\/<\/a>\u00a0gratuit qui prendra en compte entre autre le nombre de m\u00e8tre carr\u00e9s de l&rsquo;habitation et le nombre de kilom\u00e8tres entre le nouveau et l&rsquo;ancien logement. Pour stocker il convient aussi d&rsquo;utiliser un garde-meubles<\/p>\n<p>Demenagement Paris : <a href=\"http:\/\/demenageur.com\/demenagement-paris-75\/\">demenageur.com\/demenagement-paris-75\/<\/a><\/p>\n<p>&nbsp;<\/p>\n<h2>Les assurances vie, mode d&#8217;emploi.<\/h2>\n<p>Une assurance vie <a href=\"http:\/\/lassurancevie.fr\">lassurancevie.fr<\/a>\u00a0est un compte \u00e9pargne qui permet de mettre au d\u00e9part une certaine somme et de toucher des int\u00e9r\u00eats tous les ans. Les assur\u00e9s peuvent rajouter des fonds sur cette \u00e9pargne \u00e0 tous moments. Au bout d&rsquo;un certain nombre d&rsquo;ann\u00e9e d\u00e9fini avec l&rsquo;assureur, le propri\u00e9taire peut r\u00e9cup\u00e9rer ses fonds, ou bien le laisser en place pour qu&rsquo;il continue \u00e0 lui rapporter de l&rsquo;argent. Si l&rsquo;assur\u00e9 d\u00e9c\u00e8de, ce sont les personnes qu&rsquo;il aura d\u00e9sign\u00e9es dans son contrat qui toucheront l&rsquo;int\u00e9gralit\u00e9 des fonds. Plusieurs organismes d\u00e9livrent ce genre d&rsquo;assurance: les banques mais \u00e9galement bon nombre d&rsquo;assureurs priv\u00e9s. Il existe plusieurs types de contrats, ceux qui rapportent davantage mais ou la prise de risque est importante et ceux qui sont totalement s\u00e9curis\u00e9s.<\/p>\n<p>&nbsp;<\/p>\n<h2>Les visas \u00e9trangers: ce qu&rsquo;il faut savoir.<\/h2>\n<p>Quel que soit le type de visas, ils sont g\u00e9n\u00e9ralement disponibles dans les ambassades du pays concern\u00e9 en France. Ainsi, pour obtenir un visa Chine <a href=\"http:\/\/visachine.fr\">visachine.fr<\/a>\u00a0ou encore un visa Russie, il faudra se rendre dans l&rsquo;ambassade du pays en question \u00e0 Paris. De plus, il est \u00e9galement possible d&rsquo;obtenir un visa en ligne. De cette mani\u00e8re, les voyageurs pourront obtenir en 48h maximum leur visa Inde ou leur visa Vietnam\u00a0ou de n&rsquo;importe quel pays. Dans les ambassades, le personnel d\u00e9livre les visas sur place mais peuvent aussi les faire parvenir par courrier postal. Il faut compter une cinquantaine d&rsquo;euros pour un visa selon le pays de destination.<\/p>\n<p>&nbsp;<\/p>\n<h2>Les croisi\u00e8res: informations g\u00e9n\u00e9rales.<\/h2>\n<p>Il existe un grand nombre de compagnies de croisi\u00e8re et il faut savoir que de plus en plus de touristes choisissent de passer leurs vacances sur un navire. Avant de partir, ne pas oublier son carnet de sant\u00e9, ses papiers de voyage mis \u00e0 jour et son passeport. Des tenues d\u00e9contract\u00e9es et une tenue plus \u00e9l\u00e9gante en cas de soir\u00e9e habill\u00e9e sur le bateau peuvent \u00eatre pratiques. La plupart des compagnies proposent toutes sortes de destinations. Durant la croisi\u00e8re, des exp\u00e9ditions et de multiples activit\u00e9s sont propos\u00e9es aux voyageurs. Souvent, les navires poss\u00e8dent une vision sous marine qui ne manquera pas de susciter l&rsquo;int\u00e9r\u00eat des plus petits mais \u00e9galement celui des adultes.<\/p>\n<p>Vous trouverez sur ce site:\u00a0<a href=\"https:\/\/ledabelle.com\/\">https:\/\/ledabelle.com\/<\/a><\/p>\n","protected":false},"excerpt":{"rendered":"<p>Foyer Saint Beno\u00eet Labre: Situ\u00e9 \u00e0 Rennes, le foyer Saint Beno\u00eet Labre accueille chaque ann\u00e9e des personnes en d\u00e9tresse ayant besoin d&lsquo;un h\u00e9bergement. Dispositif d&rsquo;insertion, il permet \u00e0 ceux qui sont dans le besoin d&rsquo;avoir recours \u00e0 une aide personnalis\u00e9e pour leur permettre de retrouver soit sur une voie professionnelle soit dans un premier temps&hellip;<\/p>\n<p class=\"read-more\"><a class=\"readmore-btn\" href=\"https:\/\/foyer-saintbenoitlabre.fr\/\">Read More<span class=\"screen-reader-text\">  Read More<\/span><\/a><\/p>\n","protected":false},"author":1,"featured_media":0,"parent":0,"menu_order":0,"comment_status":"closed","ping_status":"closed","template":"","meta":[],"_links":{"self":[{"href":"https:\/\/foyer-saintbenoitlabre.fr\/index.php\/wp-json\/wp\/v2\/pages\/6"}],"collection":[{"href":"https:\/\/foyer-saintbenoitlabre.fr\/index.php\/wp-json\/wp\/v2\/pages"}],"about":[{"href":"https:\/\/foyer-saintbenoitlabre.fr\/index.php\/wp-json\/wp\/v2\/types\/page"}],"author":[{"embeddable":true,"href":"https:\/\/foyer-saintbenoitlabre.fr\/index.php\/wp-json\/wp\/v2\/users\/1"}],"replies":[{"embeddable":true,"href":"https:\/\/foyer-saintbenoitlabre.fr\/index.php\/wp-json\/wp\/v2\/comments?post=6"}],"version-history":[{"count":8,"href":"https:\/\/foyer-saintbenoitlabre.fr\/index.php\/wp-json\/wp\/v2\/pages\/6\/revisions"}],"predecessor-version":[{"id":20,"href":"https:\/\/foyer-saintbenoitlabre.fr\/index.php\/wp-json\/wp\/v2\/pages\/6\/revisions\/20"}],"wp:attachment":[{"href":"https:\/\/foyer-saintbenoitlabre.fr\/index.php\/wp-json\/wp\/v2\/media?parent=6"}],"curies":[{"name":"wp","href":"https:\/\/api.w.org\/{rel}","templated":true}]}}